{"id":518,"date":"2024-02-08T01:11:48","date_gmt":"2024-02-08T01:11:48","guid":{"rendered":"https:\/\/premiershipsoccer.ca\/product\/depot-equipe\/"},"modified":"2024-02-08T01:11:48","modified_gmt":"2024-02-08T01:11:48","slug":"depot-equipe","status":"publish","type":"product","link":"https:\/\/premiershipsoccer.ca\/fr\/product\/depot-equipe\/","title":{"rendered":"D\u00e9p\u00f4t \u00e9quipe"},"content":{"rendered":"<p>Voulez-vous r\u00e9server votre place cet \u00e9t\u00e9? Une fois que vous aurez fait un d\u00e9p\u00f4t de 250 $ (non remboursable), votre place sera s\u00e9curis\u00e9e et garantie. Des frais de service non remboursables de 7,50 $ sont ajout\u00e9s \u00e0 ce paiement de d\u00e9p\u00f4t. Vous pouvez \u00e9viter ces frais en envoyant un virement \u00e9lectronique \u00e0 info@corporatesoccer.ca.<\/p>\n","protected":false},"excerpt":{"rendered":"<p>Le d\u00e9p\u00f4t est destin\u00e9 \u00e0 garantir votre place pour la saison estivale.<\/p>\n","protected":false},"featured_media":416,"template":"","meta":{"content-type":""},"product_brand":[],"product_cat":[56,57,58,55,54],"product_tag":[59,64,60,61,63,62],"class_list":{"0":"post-518","1":"product","2":"type-product","3":"status-publish","4":"has-post-thumbnail","6":"product_cat-deposit-fr","7":"product_cat-summer-fr","8":"product_cat-winter-fr","9":"product_cat-premiership-fr","10":"product_cat-soccer-fr","11":"product_tag-depot","12":"product_tag-equippe","13":"product_tag-ete","14":"product_tag-hiver","15":"product_tag-premiership-fr","16":"product_tag-soccer-fr","18":"first","19":"instock","20":"taxable","21":"shipping-taxable","22":"purchasable","23":"product-type-simple"},"jetpack_sharing_enabled":true,"_links":{"self":[{"href":"https:\/\/premiershipsoccer.ca\/fr\/wp-json\/wp\/v2\/product\/518","targetHints":{"allow":["GET"]}}],"collection":[{"href":"https:\/\/premiershipsoccer.ca\/fr\/wp-json\/wp\/v2\/product"}],"about":[{"href":"https:\/\/premiershipsoccer.ca\/fr\/wp-json\/wp\/v2\/types\/product"}],"wp:featuredmedia":[{"embeddable":true,"href":"https:\/\/premiershipsoccer.ca\/fr\/wp-json\/wp\/v2\/media\/416"}],"wp:attachment":[{"href":"https:\/\/premiershipsoccer.ca\/fr\/wp-json\/wp\/v2\/media?parent=518"}],"wp:term":[{"taxonomy":"product_brand","embeddable":true,"href":"https:\/\/premiershipsoccer.ca\/fr\/wp-json\/wp\/v2\/product_brand?post=518"},{"taxonomy":"product_cat","embeddable":true,"href":"https:\/\/premiershipsoccer.ca\/fr\/wp-json\/wp\/v2\/product_cat?post=518"},{"taxonomy":"product_tag","embeddable":true,"href":"https:\/\/premiershipsoccer.ca\/fr\/wp-json\/wp\/v2\/product_tag?post=518"}],"curies":[{"name":"wp","href":"https:\/\/api.w.org\/{rel}","templated":true}]}}